{"id":2350,"date":"2024-09-22T15:26:28","date_gmt":"2024-09-22T11:56:28","guid":{"rendered":"https:\/\/brokerlauncher.com\/pervane-ticaretini-ayarlama\/"},"modified":"2024-10-06T19:00:50","modified_gmt":"2024-10-06T15:30:50","slug":"pervane-ticaretini-ayarlama","status":"publish","type":"page","link":"https:\/\/brokerlauncher.com\/tr\/pervane-ticaretini-ayarlama\/","title":{"rendered":"Pervane ticaretini ayarlama"},"content":{"rendered":"\t\t<div data-elementor-type=\"wp-page\" data-elementor-id=\"2350\" class=\"elementor elementor-2350 elementor-2073\" data-elementor-post-type=\"page\">\n\t\t\t\t<div data-particle_enable=\"false\" data-particle-mobile-disabled=\"false\" class=\"elementor-element elementor-element-1da4d061 e-flex e-con-boxed e-con e-parent\" data-id=\"1da4d061\" data-element_type=\"container\" data-e-type=\"container\">\n\t\t\t\t\t<div class=\"e-con-inner\">\n\t\t\t\t<div class=\"elementor-element elementor-element-5b146048 elementor-widget elementor-widget-text-editor\" data-id=\"5b146048\" data-element_type=\"widget\" data-e-type=\"widget\" data-widget_type=\"text-editor.default\">\n\t\t\t\t<div class=\"elementor-widget-container\">\n\t\t\t\t\t\t\t\t\t<p><img fetchpriority=\"high\" decoding=\"async\" class=\"aligncenter wp-image-2083 size-full\" src=\"https:\/\/brokerlauncher.com\/wp-content\/uploads\/2024\/09\/%D8%B1%D8%A7%D9%87-%D8%A7%D9%86%D8%AF%D8%A7%D8%B2%DB%8C-%D9%BE%D8%B1%D8%A7%D9%BE-%D8%AA%D8%B1%DB%8C%D8%AF%DB%8C%D9%86%DA%AF.webp\" alt=\"Pervane ticaretini ayarlama\" width=\"600\" height=\"400\"><\/p>\n<h1><span style=\"font-size: 24pt;\"><strong>Pervane ticaretini ayarlama<\/strong><\/span><\/h1>\n<h2><span style=\"font-size: 14pt;\"><strong><span style=\"color: #ff0000;\">S\u0131f\u0131rdan y\u00fcze kadar <\/span>Prop Ticareti (Prop Ticareti) kurma ve kurman\u0131n t\u00fcm ad\u0131mlar\u0131<\/strong><\/span><\/h2>\n<p><strong>Nesne <\/strong><strong>Ticareti<\/strong><strong>, \u015firketlerin bu sermayeyi kullanarak finansal piyasalarda faaliyet g\u00f6stermek \u00fczere yat\u0131r\u0131mc\u0131lara sermaye teklif etti\u011fi bir i\u015f modelidir. Risk y\u00f6netimi ve yat\u0131r\u0131mc\u0131 se\u00e7imi do\u011fru yap\u0131l\u0131rsa bu model olduk\u00e7a karl\u0131 ve cazip olabilir. <\/strong><\/p>\n<p><strong> Bu nedenle pervane al\u0131m sat\u0131m \u015firketlerinin kurulmas\u0131 yat\u0131r\u0131mc\u0131lar i\u00e7in cazip bir yat\u0131r\u0131m f\u0131rsat\u0131 olarak de\u011ferlendirilmektedir. Ayr\u0131ca pervane ticaret \u015firketi kurma maliyetlerinin detayl\u0131 ara\u015ft\u0131r\u0131lmas\u0131 bu i\u015fi kurman\u0131n en \u00f6nemli ad\u0131mlar\u0131ndan biridir. <\/strong><strong>.<\/strong><\/p>\n<p>Ticaret d\u00fcnyas\u0131nda, pervane ticareti yeni bir kavram de\u011fildir; y\u0131llard\u0131r (20. y\u00fczy\u0131l\u0131n ba\u015flar\u0131nda) b\u00fcy\u00fck <strong>finans \u015firketleri, <\/strong>daha fazla zenginlik yaratmak, \u00e7alkant\u0131l\u0131 forex piyasas\u0131ndan en fazla getiriyi elde etmek i\u00e7in profesyonel ve k\u00e2rl\u0131 yat\u0131r\u0131mc\u0131larla \u00e7al\u0131\u015fmaktad\u0131r. en az risk.<\/p>\n<p>Ancak bug\u00fcn Prop, yat\u0131r\u0131mc\u0131lar\u0131n ki\u015fisel sermayelerini kaybetme riski olmadan daha fazla kar elde edebilecekleri bir kazan-kazan s\u00f6zle\u015fme formudur ve di\u011fer taraftan Prop \u015firketi, profesyoneller aras\u0131nda kat\u0131 kurallar ve risk payla\u015f\u0131m\u0131 yoluyla olumlu bir sonuca do\u011fru ilerlemektedir. t\u00fcccarlar kendinden emin.<\/p>\n<p>Bu nedenle, pervane ticaret hizmetlerini kullanman\u0131n faydalar\u0131, profesyonel t\u00fcccarlar\u0131n daha fazla kar elde etmesini ve yeni ba\u015flayan t\u00fcccarlar\u0131n ki\u015fisel sermayelerini kaybetme riskini azaltarak pervane form hizmetlerini daha fazla kullanmas\u0131n\u0131 sa\u011flad\u0131.<\/p>\n<p>2014 y\u0131l\u0131nda d\u00fcnyan\u0131n ilk pervane formu <strong><a href=\"https:\/\/ftmo.com\/en\/\" target=\"_blank\" rel=\"nofollow noopener\">FTMO <\/a><\/strong>yeni kurallarla \u00e7al\u0131\u015fmaya ba\u015flad\u0131, o zamandan beri yeni pervane formlar\u0131 do\u011fdu, bu da yat\u0131r\u0131mc\u0131lar\u0131n d\u00fcnya \u00e7ap\u0131ndaki pervane ticaret \u015firketlerini kabul\u00fcn\u00fcn tamamen katlanarak artt\u0131\u011f\u0131n\u0131 g\u00f6steriyor.<\/p>\n<table style=\"border-collapse: collapse; width: 100%;\">\n<tbody>\n<tr>\n<td style=\"width: 100%;\">\n<p style=\"text-align: right;\"><span style=\"color: #800080; font-family: tahoma, arial, helvetica, sans-serif;\"><strong>Prop ticaretini ayarlama konusunda tavsiye almak veya \u00f6zel prop formu CRM almak i\u00e7in <span dir=\"rtl\">WhatsApp&#8217;ta<\/span><\/strong><strong> +905342144819 ile ileti\u015fime ge\u00e7in.<\/strong><\/span><\/p>\n<\/td>\n<\/tr>\n<\/tbody>\n<\/table>\n<h2><span style=\"font-size: 14pt;\"><strong>Bir pervane ticaret \u015firketi nas\u0131l kurulur?<\/strong><\/span><\/h2>\n<p>BrokerLauncher olarak prop trading \u015firketi kurman\u0131n t\u00fcm ad\u0131mlar\u0131n\u0131 sizler i\u00e7in netle\u015ftiriyoruz ve hukuki ve teknik s\u00fcreci sizin i\u00e7in eksiksiz olarak uygulay\u0131p, projenin tamamlanmas\u0131n\u0131n ard\u0131ndan size tam hizmeti ula\u015ft\u0131rabiliyoruz.<\/p>\n<p>Ayr\u0131ca, pervane ticaret \u015firketinizi<strong> kurman\u0131n t\u00fcm maliyetlerini <\/strong>do\u011fru bir \u015fekilde analiz etmenize ve en iyi finansal kararlar\u0131 vermenize yard\u0131mc\u0131 olaca\u011f\u0131z. Daha fazla \u00f6neri ve rehberlik i\u00e7in bizimle WhatsApp arac\u0131l\u0131\u011f\u0131yla ileti\u015fime ge\u00e7ebilirsiniz:<span style=\"color: #ff0000;\"><strong> +905342144819<\/strong><\/span> <\/p>\n<p><img decoding=\"async\" class=\"aligncenter wp-image-2115 size-full\" src=\"https:\/\/brokerlauncher.com\/wp-content\/uploads\/2024\/09\/%D8%B1%D8%A7%D9%87-%D8%A7%D9%86%D8%AF%D8%A7%D8%B2%DB%8C-%D8%B4%D8%B1%DA%A9%D8%AA-%D9%BE%D8%B1%D8%A7%D9%BE-%D8%AA%D8%B1%DB%8C%D8%AF%DB%8C%D9%86%DA%AF.webp\" alt=\"Prop Ticaret \u015eirketinin Kurulmas\u0131\" width=\"600\" height=\"400\"><\/p>\n<h2><span style=\"font-size: 14pt;\"><strong>Bir pervane ticaret \u015firketi kurman\u0131n yasal ve teknik ad\u0131mlar\u0131<\/strong><\/span><\/h2>\n<h3><span style=\"font-size: 12pt;\"><strong>1. \u015eirket tescili (yasal konular) <\/strong><\/span><\/h3>\n<p>Bir pervane ticaret \u015firketi kurman\u0131n ilk ad\u0131m\u0131, \u015firketi BAE, T\u00fcrkiye veya \u00f6nerilen di\u011fer \u00fclkeler gibi ge\u00e7erli bir yarg\u0131 b\u00f6lgesinde resmi olarak tescil ettirmektir.<\/p>\n<p>Yarg\u0131 yetkisinin se\u00e7imi, her \u00fclkenin vergi ve mali kanunlar\u0131na ba\u011fl\u0131d\u0131r ve \u015firketin k\u00e2rl\u0131l\u0131\u011f\u0131 ve faaliyetleri \u00fczerinde do\u011frudan etkiye sahip olacakt\u0131r. Broker Launcher&#8217;\u0131n geni\u015f deneyim ve bilgi birikimine sahip hukuk ekibi, ihtiya\u00e7lar\u0131n\u0131za uygun en iyi \u00e7\u00f6z\u00fcmleri sunar. Ayr\u0131ca dan\u0131\u015fma s\u00fcrecinde, bir pervane ticaret \u015firketi kurman\u0131n t\u00fcm maliyetlerini sizinle birlikte g\u00f6zden ge\u00e7irece\u011fiz ve bu maliyetleri optimize edecek \u00e7\u00f6z\u00fcmler \u00f6nerece\u011fiz.  <\/p>\n<h3><span style=\"font-size: 12pt;\"><strong>2. CRM&#8217;in teknik geli\u015fimi ve yap\u0131s\u0131 <\/strong><\/span><\/h3>\n<p>Bir pervane ticaret \u015firketinin en \u00f6nemli ba\u015far\u0131 fakt\u00f6rlerinden biri teknik yap\u0131s\u0131 ve CRM&#8217;sidir (m\u00fc\u015fteri y\u00f6netim sistemi). Profesyonel bir CRM sistemi size a\u015fa\u011f\u0131daki \u00f6zellikleri sa\u011flamal\u0131d\u0131r: <\/p>\n<p>\u2022<strong> M\u00fc\u015fterileri kategorilere ay\u0131rma:<\/strong> M\u00fc\u015fterilerin farkl\u0131 ihtiya\u00e7lar\u0131na g\u00f6re farkl\u0131 kategoriler olu\u015fturma ve bunlar\u0131n kolay y\u00f6netilmesi yetene\u011fi.<\/p>\n<p>\u2022<strong> Mali y\u00f6netim ve i\u015flem izleme:<\/strong> basit ve \u015feffaf bir \u015fekilde para yat\u0131rma ve \u00e7ekme i\u015flemlerini kontrol edin.<\/p>\n<p>\u2022<strong> E-posta pazarlamas\u0131:<\/strong> Promosyon e-postalar\u0131 g\u00f6nderme ve haz\u0131r \u015fablonlar arac\u0131l\u0131\u011f\u0131yla m\u00fc\u015fterileri bilgilendirme olana\u011f\u0131.<\/p>\n<p>\u2022 <strong>Hesaplar\u0131n performans\u0131n\u0131n izlenmesi:<\/strong> M\u00fc\u015fterilerin kar ve zarar hesaplar\u0131n\u0131n mali durumunu ger\u00e7ek zamanl\u0131 olarak g\u00f6r\u00fcnt\u00fcleme ve optimum risk y\u00f6netimi imkan\u0131.<br \/>BrokerLauncher, pervane ticareti pazar\u0131nda mevcut en g\u00fc\u00e7l\u00fc ve kapsaml\u0131 izleme sistemlerinden birini sunmaktan gurur duyar. Ayr\u0131ca, CRM&#8217;in ve gerekli ara\u00e7lar\u0131n geli\u015ftirilmesi de dahil olmak \u00fczere, bir prop ticaret \u015firketi kurman\u0131n t\u00fcm teknik maliyetlerini do\u011fru bir \u015fekilde hesaplaman\u0131za yard\u0131mc\u0131 oluyoruz. <\/p>\n<h3><span style=\"font-size: 12pt;\"><strong>3. Risk y\u00f6netimi <\/strong><\/span><\/h3>\n<p>Bir pervane ticaret \u015firketinin ba\u015far\u0131s\u0131ndaki en \u00f6nemli fakt\u00f6rlerden biri g\u00fc\u00e7l\u00fc risk y\u00f6netim sistemlerinin kurulmas\u0131d\u0131r. Bu sistemler, her yat\u0131r\u0131mc\u0131n\u0131n risk alma d\u00fczeyine g\u00f6re ona uygun bir sermaye sa\u011flayacak \u015fekilde tasarlanmal\u0131d\u0131r. <\/p>\n<p>Broker Launcher, piyasalar\u0131n ger\u00e7ek zamanl\u0131 izlenmesini, i\u015flem limitlerini ve zarar\u0131 durdurma seviyelerini ayarlamay\u0131 i\u00e7eren, pervane ticaret \u015firketleri i\u00e7in geli\u015fmi\u015f risk y\u00f6netimi \u00e7\u00f6z\u00fcmleri sunar.<\/p>\n<h3><span style=\"font-size: 12pt;\"><strong>4. T\u00fcccarlar\u0131n se\u00e7imi <\/strong><\/span><\/h3>\n<p>Do\u011fru yat\u0131r\u0131mc\u0131lar\u0131 se\u00e7mek \u00e7ok hassas ve \u00f6nemli bir s\u00fcre\u00e7tir. \u015eirketinizin ba\u015far\u0131s\u0131, risk y\u00f6netimi stratejilerine sahip yetkin yat\u0131r\u0131mc\u0131lar\u0131n ilgisini \u00e7ekmenize ba\u011fl\u0131d\u0131r. <\/p>\n<p>Titiz testler ve stratejiler arac\u0131l\u0131\u011f\u0131yla, yaln\u0131zca kar elde etme yetene\u011fine sahip de\u011fil ayn\u0131 zamanda risk y\u00f6netimini iyi anlayan yat\u0131r\u0131mc\u0131lar\u0131n ilgisini \u00e7ekmelisiniz. Broker Launcher, i\u015flem testleri tasarlaman\u0131za ve uygulaman\u0131za ve en iyi ki\u015fileri se\u00e7menize yard\u0131mc\u0131 olabilir. <\/p>\n<p>Ayr\u0131ca, t\u00fcccarlar\u0131 i\u015fe alma ve de\u011ferlendirme s\u00fcreciyle ilgili maliyetleri, pervane ticareti ba\u015flang\u0131\u00e7 ba\u015flang\u0131\u00e7 b\u00fct\u00e7enize dahil etmelisiniz.<\/p>\n<p><img decoding=\"async\" class=\"aligncenter wp-image-2122 size-full\" src=\"https:\/\/brokerlauncher.com\/wp-content\/uploads\/2024\/09\/%D8%AA%D8%A7%D8%B3%DB%8C%D8%B3-%D8%B4%D8%B1%DA%A9%D8%AA-%D9%BE%D8%B1%D8%A7%D9%BE-%D8%AA%D8%B1%DB%8C%D8%AF%DB%8C%D9%86%DA%AF.webp\" alt=\"Prop Ticaret \u015eirketinin Kurulmas\u0131\" width=\"600\" height=\"400\"><\/p>\n<p><strong><span style=\"color: #800080;\">\u00d6zel hizmetler: <a style=\"color: #800080;\" href=\"https:\/\/brokerlauncher.com\/tr\/bir-forex-komisyoncusu-kurma\/\" target=\"_blank\" rel=\"noopener\">Bir forex komisyoncusu kurmak<\/a><\/span><\/strong><\/p>\n<h3><span style=\"font-size: 12pt;\"><strong>5. \u00d6deme a\u011f ge\u00e7itleriyle entegrasyon <\/strong><\/span><\/h3>\n<p>Bir pervane ticaret \u015firketi kurman\u0131n bir di\u011fer \u00f6nemli noktas\u0131, CRM&#8217;yi \u00e7e\u015fitli \u00f6deme a\u011f ge\u00e7itleriyle entegre etme olas\u0131l\u0131\u011f\u0131d\u0131r.<\/p>\n<p>Profesyonel bir CRM, yat\u0131r\u0131mc\u0131lar ve \u015firket y\u00f6neticileri i\u00e7in para yat\u0131rma ve \u00e7ekme s\u00fcrecini kolayla\u015ft\u0131rmak amac\u0131yla uluslararas\u0131 ve yerel \u00f6deme a\u011f ge\u00e7itleriyle entegre olabilme yetene\u011fine sahip olmal\u0131d\u0131r.<\/p>\n<p><strong>BrokerLauncher <\/strong>taraf\u0131ndan tasarlanan Prop Trading CRM, \u00e7e\u015fitli \u00f6deme a\u011f ge\u00e7itlerine ba\u011flanma yetene\u011fine sahiptir ve t\u00fcm finansal s\u00fcre\u00e7lerinizin verimli ve g\u00fcvenli bir \u015fekilde y\u00f6netilmesini sa\u011flar.<\/p>\n<h3><span style=\"font-size: 12pt;\"><strong>6. Pazarlama stratejilerinin geli\u015ftirilmesi <\/strong><\/span><\/h3>\n<p>Profesyonel t\u00fcccarlar\u0131 \u00e7ekmek ve g\u00fc\u00e7l\u00fc bir m\u00fc\u015fteri a\u011f\u0131 olu\u015fturmak i\u00e7in etkili pazarlama stratejileri geli\u015ftirmek hayati \u00f6nem ta\u015f\u0131maktad\u0131r.<\/p>\n<p>BrokerLauncher, dijital pazarlama stratejileri geli\u015ftirmenize, arama motoru optimizasyonunu (SEO) geli\u015ftirmenize ve yat\u0131r\u0131mc\u0131lar\u0131 \u00e7ekmek i\u00e7in sosyal medyay\u0131 kullanman\u0131za yard\u0131mc\u0131 olabilir. Ayr\u0131ca, reklam ve pazarlama ile ilgili maliyetler de pervane ticareti \u015firketi ba\u015flang\u0131\u00e7 maliyetlerinin hesaplanmas\u0131na dahil edilmelidir. <\/p>\n<h2><span style=\"font-size: 14pt;\"><strong>Bir pervane ticaret \u015firketi kurmak i\u00e7in komisyoncu ba\u015flat\u0131c\u0131 hizmetleri<\/strong><\/span><\/h2>\n<p>BrokerLauncher&#8217;da prop trading<strong> \u015firketinizi kurman\u0131n <\/strong>yasal ad\u0131mlar\u0131ndan teknik altyap\u0131n\u0131n uygulanmas\u0131na kadar t\u00fcm ad\u0131mlar\u0131n\u0131 tamaml\u0131yoruz. Hizmetlerimiz \u015funlar\u0131 i\u00e7erir: <\/p>\n<p>\u2022 En iyi yarg\u0131 yetkisini se\u00e7mek i\u00e7in hukuki tavsiye<br \/>\u2022 Profesyonel CRM&#8217;nin geli\u015ftirilmesi ve uygulanmas\u0131 ve \u00f6deme a\u011f ge\u00e7itleriyle entegrasyon<br \/>\u2022 Risk y\u00f6netimi \u00e7\u00f6z\u00fcmleri sunmak ve hesaplar\u0131n performans\u0131n\u0131 izlemek<br \/>\u2022 Pazarlama stratejileri ve dijital pazarlama tasarlamak<br \/>\u2022 Pervane ticareti yapan \u015firketin ba\u015flang\u0131\u00e7 maliyetlerini ara\u015ft\u0131rmak ve y\u00f6netmek ve bunlar\u0131 optimize etmek<\/p>\n<p><span style=\"color: #800080;\"><strong>Son nokta<\/strong><\/span><\/p>\n<p>Broker Launcher, pervane ticaret \u015firketinizi profesyonel ve s\u00fcrd\u00fcr\u00fclebilir bir \u015fekilde kurman\u0131za ve bu i\u015f modelinin avantajlar\u0131ndan yararlanman\u0131za yard\u0131mc\u0131 olacakt\u0131r. Hukuki dan\u0131\u015fmanl\u0131ktan teknik uygulama ve uygulama sonras\u0131 deste\u011fe kadar t\u00fcm hizmetlerimiz eksiksiz olarak sa\u011flanmaktad\u0131r. <\/p>\n<p>Son olarak, yat\u0131r\u0131m\u0131n\u0131z\u0131n y\u00fcksek verimlili\u011fini sa\u011flamak i\u00e7in bir pervane ticaret \u015firketi kurman\u0131n t\u00fcm maliyetlerini dikkatli ve \u015feffaf bir \u015fekilde g\u00f6zden ge\u00e7irmenize yard\u0131mc\u0131 olaca\u011f\u0131z.<\/p>\n<table style=\"border-collapse: collapse; width: 100%;\">\n<tbody>\n<tr>\n<td style=\"width: 100%;\">\n<p style=\"text-align: right;\"><span style=\"color: #800080; font-family: tahoma, arial, helvetica, sans-serif;\"><strong>Prop ticaretini ayarlama konusunda tavsiye almak veya \u00f6zel prop formu CRM almak i\u00e7in <span dir=\"rtl\">WhatsApp&#8217;ta<\/span><\/strong><strong> +905342144819 ile ileti\u015fime ge\u00e7in.<\/strong><\/span><\/p>\n<\/td>\n<\/tr>\n<\/tbody>\n<\/table>\n<p style=\"text-align: right;\"><strong><span style=\"color: #ff0000;\"><a style=\"color: #ff0000;\" href=\"https:\/\/brokerlauncher.com\/tr\/\" target=\"_blank\" rel=\"noopener\">Broker Launcher, <\/a><\/span>forex brokerlerine, prop formlar\u0131na ve dijital para borsalar\u0131na \u00f6zel hizmetler sa\u011flamada uzmanla\u015fm\u0131\u015ft\u0131r<\/strong><\/p>\n\t\t\t\t\t\t\t\t<\/div>\n\t\t\t\t<\/div>\n\t\t\t\t\t<\/div>\n\t\t\t\t<\/div>\n\t\t\t\t<\/div>\n\t\t","protected":false},"excerpt":{"rendered":"<p>Pervane ticaretini ayarlama S\u0131f\u0131rdan y\u00fcze kadar Prop Ticareti (Prop Ticareti) kurma ve kurman\u0131n t\u00fcm ad\u0131mlar\u0131 Nesne Ticareti, \u015firketlerin bu sermayeyi kullanarak finansal piyasalarda faaliyet g\u00f6stermek \u00fczere yat\u0131r\u0131mc\u0131lara sermaye teklif etti\u011fi bir i\u015f modelidir. Risk y\u00f6netimi ve yat\u0131r\u0131mc\u0131 se\u00e7imi do\u011fru yap\u0131l\u0131rsa bu model olduk\u00e7a karl\u0131 ve cazip olabilir. Bu nedenle pervane al\u0131m sat\u0131m \u015firketlerinin kurulmas\u0131 yat\u0131r\u0131mc\u0131lar [&hellip;]<\/p>\n","protected":false},"author":1,"featured_media":0,"parent":0,"menu_order":0,"comment_status":"closed","ping_status":"closed","template":"","meta":{"footnotes":""},"class_list":["post-2350","page","type-page","status-publish","hentry"],"_links":{"self":[{"href":"https:\/\/brokerlauncher.com\/tr\/wp-json\/wp\/v2\/pages\/2350","targetHints":{"allow":["GET"]}}],"collection":[{"href":"https:\/\/brokerlauncher.com\/tr\/wp-json\/wp\/v2\/pages"}],"about":[{"href":"https:\/\/brokerlauncher.com\/tr\/wp-json\/wp\/v2\/types\/page"}],"author":[{"embeddable":true,"href":"https:\/\/brokerlauncher.com\/tr\/wp-json\/wp\/v2\/users\/1"}],"replies":[{"embeddable":true,"href":"https:\/\/brokerlauncher.com\/tr\/wp-json\/wp\/v2\/comments?post=2350"}],"version-history":[{"count":1,"href":"https:\/\/brokerlauncher.com\/tr\/wp-json\/wp\/v2\/pages\/2350\/revisions"}],"predecessor-version":[{"id":2351,"href":"https:\/\/brokerlauncher.com\/tr\/wp-json\/wp\/v2\/pages\/2350\/revisions\/2351"}],"wp:attachment":[{"href":"https:\/\/brokerlauncher.com\/tr\/wp-json\/wp\/v2\/media?parent=2350"}],"curies":[{"name":"wp","href":"https:\/\/api.w.org\/{rel}","templated":true}]}}