{"id":2338,"date":"2024-09-30T23:14:40","date_gmt":"2024-09-30T19:44:40","guid":{"rendered":"https:\/\/brokerlauncher.com\/metatrader-lisansi-5-2\/"},"modified":"2024-10-06T11:47:38","modified_gmt":"2024-10-06T08:17:38","slug":"metatrader-lisansi-5-2","status":"publish","type":"page","link":"https:\/\/brokerlauncher.com\/tr\/metatrader-lisansi-5-2\/","title":{"rendered":"Metatrader lisans\u0131 5"},"content":{"rendered":"\t\t<div data-elementor-type=\"wp-page\" data-elementor-id=\"2338\" class=\"elementor elementor-2338 elementor-2151\" data-elementor-post-type=\"page\">\n\t\t\t\t<div data-particle_enable=\"false\" data-particle-mobile-disabled=\"false\" class=\"elementor-element elementor-element-023c399 e-flex e-con-boxed e-con e-parent\" data-id=\"023c399\" data-element_type=\"container\" data-e-type=\"container\">\n\t\t\t\t\t<div class=\"e-con-inner\">\n\t\t\t\t<div class=\"elementor-element elementor-element-b0f898e elementor-widget elementor-widget-text-editor\" data-id=\"b0f898e\" data-element_type=\"widget\" data-e-type=\"widget\" data-widget_type=\"text-editor.default\">\n\t\t\t\t<div class=\"elementor-widget-container\">\n\t\t\t\t\t\t\t\t\t<p><img fetchpriority=\"high\" decoding=\"async\" class=\"wp-image-2156 size-full aligncenter\" src=\"https:\/\/brokerlauncher.com\/wp-content\/uploads\/2024\/09\/%D9%84%D8%A7%DB%8C%D8%B3%D9%86%D8%B3-%D9%85%D8%AA%D8%A7%D8%AA%D8%B1%DB%8C%D8%AF%D8%B1-5.webp\" alt=\"Metatrader lisans\u0131 5\" width=\"600\" height=\"400\"><\/p>\n<h1><span style=\"font-size: 24pt;\"><strong>Metatrader lisans\u0131 5<\/strong><\/span><\/h1>\n<p><span style=\"color: #003300;\"><strong>MetaTrader 5 Lisans\u0131 (MT5), brokerlar i\u00e7in kapsaml\u0131 ve tamamen uzmanla\u015fm\u0131\u015f bir k\u0131lavuzdur<\/strong><\/span><\/p>\n<table style=\"border-collapse: collapse; width: 100%;\">\n<tbody>\n<tr>\n<td style=\"width: 100%;\"><span style=\"color: #800080; font-family: tahoma, arial, helvetica, sans-serif;\"><strong>0&#8217;dan 100&#8217;e kadar dan\u0131\u015fmanl\u0131k, Metatrader 5 lisans\u0131n\u0131 almak ve yap\u0131land\u0131rmak i\u00e7in +905342144819 <span dir=\"rtl\">WhatsApp <\/span><\/strong><strong>numaras\u0131yla ileti\u015fime ge\u00e7in.<\/strong><\/span><\/td>\n<\/tr>\n<\/tbody>\n<\/table>\n<p>MetaTrader 5, MetaQuotes Yaz\u0131l\u0131m\u0131 taraf\u0131ndan sunulmaktad\u0131r; MetaTrader (MT5) ger\u00e7ekten finansal piyasalardaki en pop\u00fcler ve g\u00fc\u00e7l\u00fc i\u015flem platformlar\u0131ndan biridir; MetaTrader 5&#8217;in \u00f6zel hizmetleri ve yetenekleri, son y\u0131llarda bir\u00e7ok yat\u0131r\u0131mc\u0131n\u0131n MetaTrader 5&#8217;i MetaTrader 4&#8217;e tercih etmesine neden oldu.<\/p>\n<p>Otomatik ticaret (Uzman Dan\u0131\u015fmanlar), \u00e7ok dillilik, piyasa derinli\u011fi g\u00f6sterimi gibi geli\u015fmi\u015f ve tamamen g\u00fcncel \u00f6zelliklerin yan\u0131 s\u0131ra forex, hisse senetleri ve dijital para birimleri gibi \u00e7e\u015fitli piyasalara h\u0131zl\u0131 eri\u015fim, Metatrader 5&#8217;i yaln\u0131zca yat\u0131r\u0131mc\u0131lar i\u00e7in de\u011fil, pop\u00fcler hale getiriyor ama ayn\u0131 zamanda komisyoncular i\u00e7in de.<\/p>\n<p><strong><span style=\"color: #800080;\"><a style=\"color: #800080;\" href=\"https:\/\/brokerlauncher.com\/tr\/\" target=\"_blank\" rel=\"noopener\">BrokerLauncher, <\/a><\/span>Metatrader 5 lisans\u0131na, gereksinimlerine ve bu platformun nas\u0131l edinilip kurulaca\u011f\u0131na ayr\u0131nt\u0131l\u0131 bir \u015fekilde g\u00f6z atmaya devam ediyor.<\/strong><\/p>\n<h2><span style=\"font-size: 14pt;\"><strong>Metatrader 5 nedir?<\/strong><\/span><\/h2>\n<p>MetaTrader 5, MetaTrader 4&#8217;\u00fcn zay\u0131f y\u00f6nlerini kapsayan ve yat\u0131r\u0131mc\u0131lar\u0131n en son ihtiya\u00e7lar\u0131na g\u00f6re tasarlanm\u0131\u015f profesyonel bir i\u015flem platformudur. Yat\u0131r\u0131mc\u0131lar, Metatrader 5&#8217;i kullanarak geli\u015fmi\u015f teknik ve temel analiz ara\u00e7lar\u0131n\u0131n yard\u0131m\u0131yla \u00e7e\u015fitli piyasalardaki (forex, dijital para birimi, hisse senetleri vb.) i\u015flemlerini geli\u015ftirebilirler. <\/p>\n<p>Otomatik ticaret, birden fazla hesab\u0131n e\u015f zamanl\u0131 y\u00f6netimi, g\u00f6sterge bankalar\u0131na eri\u015fim, bankalar aras\u0131 likidite ve di\u011fer analitik ara\u00e7lar gibi olanaklar <strong>Metatrader <\/strong>5&#8217;i Forex ve CFD brokerleri i\u00e7in \u00f6zel bir platform haline getirmi\u015ftir.<\/p>\n<h2><span style=\"font-size: 14pt;\"><strong>Brokerlerin neden MT5 lisans\u0131na ihtiyac\u0131 var?<\/strong><\/span><\/h2>\n<p>Forex brokerlerinin Metatrader 5 platformunu tamamen yasal bir \u015fekilde kullanabilmeleri i\u00e7in resmi bir lisans almalar\u0131 gerekmektedir.<\/p>\n<p>MT5, brokerlerin m\u00fc\u015fterilerine sorunsuz ve profesyonel bir kullan\u0131c\u0131 deneyimi sunmas\u0131na olanak tan\u0131r, b\u00f6ylece yat\u0131r\u0131mc\u0131lar finansal piyasalara endi\u015felenmeden eri\u015febilirler.<\/p>\n<p><strong> Resmi ve yasal bir MT5 lisans\u0131na sahip olmak brokerlerin \u015funlar\u0131 yapmas\u0131na olanak tan\u0131r:<\/strong><\/p>\n<p><strong>1- <\/strong>Yat\u0131r\u0131mc\u0131lar i\u00e7in profesyonel ve g\u00fcvenilir bir ticaret platformu sa\u011flay\u0131n.<\/p>\n<p><strong>2- <\/strong>\u0130\u015flemlerde y\u00fcksek g\u00fcvenlik endi\u015fesini en aza indirmek.<\/p>\n<p><strong>3- <\/strong>Yat\u0131r\u0131mc\u0131lara profesyonel ara\u00e7lar ve risk y\u00f6netimi olanaklar\u0131 + birden fazla hesab\u0131 y\u00f6netme olana\u011f\u0131 sa\u011flay\u0131n.<\/p>\n<p><strong>4- <\/strong>T\u00fcm yat\u0131r\u0131mc\u0131lar i\u00e7in b\u00fcy\u00fck \u00f6nem ta\u015f\u0131yan y\u00fcksek hacim ve i\u015flem h\u0131z\u0131n\u0131n art\u0131r\u0131lmas\u0131.<\/p>\n<p><img decoding=\"async\" class=\"aligncenter wp-image-2182 size-full\" src=\"https:\/\/brokerlauncher.com\/wp-content\/uploads\/2024\/10\/MT5-%D9%84%D8%A7%DB%8C%D8%B3%D9%86%D8%B3.webp\" alt=\"MT5 lisans\u0131 \" width=\"600\" height=\"400\"><\/p>\n<h2><span style=\"font-size: 14pt;\"><strong>Metatrader lisans\u0131 almak i\u00e7in gerekenler 5<\/strong><\/span><\/h2>\n<p>MT5 lisans\u0131n\u0131 alabilmek i\u00e7in brokerlar\u0131n a\u015fa\u011f\u0131da g\u00f6rebilece\u011finiz gerekli ko\u015fullar\u0131 ve belgeleri sa\u011flamas\u0131 gerekmektedir.<\/p>\n<p><strong>1- Mali alanda kay\u0131tl\u0131 \u015firket: <\/strong>\u015eirketin mali alandaki resmi ve hukuki faaliyeti + mali alana ili\u015fkin belgelerin ibraz edilmesi gerekmektedir.<\/p>\n<p><strong>2- Host sunucusu: <\/strong>MT5 sistemini kurmak i\u00e7in g\u00fcvenilir bir hosting sa\u011flay\u0131c\u0131s\u0131ndan sunucu kiralaman\u0131z gerekmektedir. \u015eirket ofisinde dahili bir sunucu kurmak m\u00fcmk\u00fcnd\u00fcr.<\/p>\n<p><strong>3- Kurumsal internet sitesi ve e-posta: <\/strong>Alan ad\u0131 firma ad\u0131na kay\u0131tl\u0131 ge\u00e7erli bir internet sitesi. Ayr\u0131ca MetaQuotes ile resmi ve yasal ileti\u015fim i\u00e7in kurumsal e-posta gereklidir.<\/p>\n<p><strong>4- Likidite sa\u011flay\u0131c\u0131s\u0131na veya <\/strong><strong>Veri Ak\u0131\u015f\u0131na ba\u011flanma: <\/strong>\u0130\u015flemlerin zaman\u0131nda ger\u00e7ekle\u015ftirilebilmesi i\u00e7in bir likidite sa\u011flay\u0131c\u0131s\u0131na veya canl\u0131 piyasa veri sistemine (Veri Ak\u0131\u015f\u0131) ba\u011flanmak mutlaka gereklidir. Fiyatlar ve sipari\u015fler hakk\u0131nda do\u011fru bilgi al\u0131p g\u00f6nderebilmek i\u00e7in ba\u011flant\u0131n\u0131n kaliteli ve g\u00fcvenli sunucular \u00fczerinden yap\u0131lmas\u0131 gerekmektedir.<\/p>\n<p><strong>5- Kurumsal banka hesab\u0131: <\/strong>MT5 lisans\u0131na ba\u015fvuran firmaya ait kurumsal banka hesab\u0131 gerekmektedir. Bir komisyoncu, \u015firket ba\u015fka bir \u00fclkede kay\u0131tl\u0131 olsa bile, ba\u015fka bir \u015firketin ayn\u0131 isimdeki banka hesab\u0131n\u0131 asla kullanamaz.<\/p>\n<h2><span style=\"font-size: 14pt;\"><strong>MT5 <\/strong><strong>lisans ba\u015fvurusu i\u00e7in gerekli belgeler<\/strong><\/span><\/h2>\n<p>MT5 lisans\u0131n\u0131 resmi olarak almak i\u00e7in a\u015fa\u011f\u0131daki belgeler gereklidir:<\/p>\n<ol>\n<li><strong>\u015eirket Kurulu\u015f<\/strong> <strong>Belgesi<\/strong>: \u015eirketinizin yasal olarak faaliyet g\u00f6sterdi\u011fini kan\u0131tlayan eksiksiz \u015firket tescil belgeleri.<\/li>\n<li><strong>Y\u00f6neticiler ve hissedarlar listesi: <\/strong>\u015eirketin y\u00f6neticileri ve hissedarlar\u0131 ile kay\u0131tl\u0131 adresleri hakk\u0131nda ayr\u0131nt\u0131l\u0131 bilgi.<\/li>\n<li><strong>\u0130yi Durum <\/strong><strong>Belgesi<\/strong>: \u015eirketin hukuki ve operasyonel durumda oldu\u011funu g\u00f6steren belgeler. (devre d\u0131\u015f\u0131 de\u011fil)<\/li>\n<li><strong>Fiziksel adresin kan\u0131t\u0131: <\/strong>\u015eirketin fiziki adresini kan\u0131tlamak i\u00e7in elektrik, su veya telefon faturas\u0131 gibi faturalar\u0131n ibraz edilmesi gerekmektedir.<\/li>\n<li><strong>Mali faaliyet belgesi: <\/strong>\u015eirketin faaliyetlerinin finans sekt\u00f6r\u00fcyle ilgili oldu\u011funu g\u00f6steren belgeler.<\/li>\n<li><strong>Alan Ad\u0131 Sahipli\u011fi Kan\u0131t\u0131<\/strong>: Alan ad\u0131n\u0131, son kullanma tarihini ve alan sahibinin t\u00fcm ayr\u0131nt\u0131lar\u0131n\u0131 i\u00e7eren, \u015firketin web sitesi alan ad\u0131 sahipli\u011finin resmi.<\/li>\n<li><strong>KYC <\/strong><strong>formu <\/strong><strong>ve eki:<\/strong> M\u00fc\u015fterinizi Tan\u0131y\u0131n (KYC) formlar\u0131n\u0131n elektronik olarak doldurulup imzalanmas\u0131 gerekir.<\/li>\n<li><strong>Y\u00f6neticilerin ve hissedarlar\u0131n kimlik do\u011frulamas\u0131<\/strong>: Son olarak y\u00f6neticilerin ve hissedarlar\u0131n kimliklerinin do\u011frulanmas\u0131 \u00f6zel ba\u011flant\u0131lar arac\u0131l\u0131\u011f\u0131yla yap\u0131l\u0131r.<\/li>\n<\/ol>\n<p><img decoding=\"async\" class=\"aligncenter wp-image-2199 size-full\" src=\"https:\/\/brokerlauncher.com\/wp-content\/uploads\/2024\/10\/%D8%AF%D8%B1%D8%AE%D9%88%D8%A7%D8%B3%D8%AA-%D9%84%D8%A7%DB%8C%D8%B3%D9%86%D8%B3-MT5.webp\" alt=\"MT5 lisans ba\u015fvurusu\" width=\"600\" height=\"400\"><\/p>\n<\/p>\n<h2><span style=\"font-size: 14pt;\"><strong>Metatrader 5&#8217;i kurma ve yap\u0131land\u0131rman\u0131n teknik ad\u0131mlar\u0131<\/strong><\/span><\/h2>\n<p><strong>1- Sunucunun kurulumu<\/strong>: Sunucunun Metatrader 5&#8217;in teknik gereklilikleriyle uyumlulu\u011fu ve kurulum i\u00e7in uygun i\u015fletim sisteminin ak\u0131ll\u0131ca se\u00e7ilmesi b\u00fcy\u00fck \u00f6nem ta\u015f\u0131maktad\u0131r. Deneme yan\u0131lma olmadan deneyimli forex sunucu bar\u0131nd\u0131rma sa\u011flay\u0131c\u0131lar\u0131n\u0131n kullan\u0131lmas\u0131 tavsiye edilir.<\/p>\n<p><strong>2- MT5 <\/strong><strong>platformunun <\/strong>kurulumu: Sunucu tam olarak kurulduktan sonra s\u0131ra Metatrader 5 yaz\u0131l\u0131m\u0131n\u0131n kurulumuna gelir. Kurulum BT ekibiniz taraf\u0131ndan veya <a href=\"https:\/\/www.metaquotes.net\/en\" target=\"_blank\" rel=\"nofollow noopener\">MetaQuotes <\/a>teknik ekibinin yard\u0131m\u0131yla yap\u0131labilir.<\/p>\n<p><strong>3- Likidite sa\u011flay\u0131c\u0131lar\u0131na ba\u011flant\u0131<\/strong>: Piyasa verilerinin canl\u0131 olarak mevcut olmas\u0131 ve m\u00fc\u015fteri emirlerinin h\u0131zl\u0131 ve do\u011fru bir \u015fekilde yerine getirilmesi i\u00e7in, Forex brokerlerinin k\u00f6pr\u00fcleri kullanarak MT5 sistemlerini likidite sa\u011flay\u0131c\u0131lar\u0131na ba\u011flamalar\u0131 gerekir.<\/p>\n<p><strong>4- Kullan\u0131c\u0131 hesaplar\u0131n\u0131n yap\u0131land\u0131r\u0131lmas\u0131<\/strong>: MT5 kurulduktan sonra t\u00fcm m\u00fc\u015fteri hesaplar\u0131n\u0131n ve broker y\u00f6neticilerinin sisteme kaydedilip yap\u0131land\u0131r\u0131lmas\u0131 gerekmektedir.<\/p>\n<\/p>\n<h2><span style=\"font-size: 14pt;\"><strong>Brokerlar i\u00e7in <\/strong><strong>MT5 <\/strong><strong>lisans\u0131n\u0131 kullanman\u0131n avantajlar\u0131<\/strong><\/span><\/h2>\n<ol>\n<li><strong>Farkl\u0131 piyasalara e\u015f zamanl\u0131 eri\u015fim<\/strong>: Brokerlar MT5 lisans\u0131n\u0131 kullanarak forex, hisse senedi, emtia ve dijital para piyasalar\u0131na s\u0131n\u0131rs\u0131z eri\u015fime sahip olabilirler.<\/li>\n<li><strong>Birden fazla hesab\u0131 y\u00f6netebilme yetene\u011fi<\/strong>: Metatrader 5&#8217;in pop\u00fclaritesinin nedenlerinden biri, ayn\u0131 anda birden fazla hesab\u0131 y\u00f6netebilme yetene\u011fidir, \u00e7e\u015fitli pazarlarda faaliyet g\u00f6steren y\u00f6neticiler ve m\u00fc\u015fteriler i\u00e7in \u00e7ok kullan\u0131\u015fl\u0131 ve idealdir.<\/li>\n<li><strong>Otomatik ticaret deste\u011fi <\/strong><strong>(Uzman Dan\u0131\u015fmanlar)<\/strong>: Ticaret d\u00fcnyas\u0131nda yapay zekan\u0131n varl\u0131\u011f\u0131 her ge\u00e7en g\u00fcn g\u00fc\u00e7lenmekte olup, bu platform, yat\u0131r\u0131mc\u0131lar\u0131n insan m\u00fcdahalesine ihtiya\u00e7 duymadan i\u015flemlerini yapmalar\u0131na olanak tan\u0131yan otomatik ticaret stratejilerini destekleme yetene\u011fine sahiptir.<\/li>\n<li><strong>Geli\u015fmi\u015f Analiz Ara\u00e7lar\u0131<\/strong>: MT5, yat\u0131r\u0131mc\u0131lar\u0131n do\u011fru ve bilin\u00e7li kararlar almas\u0131na yard\u0131mc\u0131 olan teknik ve temel analiz i\u00e7in \u00e7e\u015fitli ara\u00e7lar sunar.<\/li>\n<\/ol>\n<\/p>\n<p><img loading=\"lazy\" decoding=\"async\" class=\"aligncenter wp-image-2218 size-full\" src=\"https:\/\/brokerlauncher.com\/wp-content\/uploads\/2024\/10\/%D9%84%D8%A7%DB%8C%D8%B3%D9%86%D8%B3-%D9%85%D8%AA%D8%A7%D8%AA%D8%B1%DB%8C%D8%AF%D8%B1-%DB%B5.webp\" alt=\"Metatrader lisans\u0131 5\" width=\"600\" height=\"400\"><\/p>\n<\/p>\n<p><span style=\"color: #800080;\">\u00d6zel hizmetler: <a style=\"color: #800080;\" href=\"https:\/\/brokerlauncher.com\/%d8%b1%d8%a7%d9%87-%d8%a7%d9%86%d8%af%d8%a7%d8%b2%db%8c-%d8%a8%d8%b1%d9%88%da%a9%d8%b1-%d9%81%d8%a7%d8%b1%da%a9%d8%b3\/\" target=\"_blank\" rel=\"noopener\"><strong>Bir forex komisyoncusu kurma<\/strong><\/a><\/span><\/p>\n<h2><span style=\"font-size: 14pt;\"><strong>\u00e7\u00f6z\u00fcm<\/strong><\/span><\/h2>\n<p>Metatrader 5 lisans\u0131n\u0131 almak ve y\u00fcklemek, geli\u015fmi\u015f ve g\u00fcvenli ticaret hizmetleri sa\u011flamak isteyen brokerlar i\u00e7in en iyi se\u00e7eneklerden biri olabilir. Mevcut yasal ve teknik gereklilikler uyar\u0131nca brokerlar\u0131n bu platformun uygulama ve kurulum prosed\u00fcrlerini dikkatle takip etmesi gerekmektedir. Brokerlar MT5&#8217;i kurarak m\u00fc\u015fterilerine, m\u00fc\u015fteri g\u00fcvenini ve memnuniyetini art\u0131ran profesyonel ve entegre bir deneyim sa\u011flayabilirler.  <\/p>\n<table style=\"border-collapse: collapse; width: 100%;\">\n<tbody>\n<tr>\n<td style=\"width: 100%;\"><span style=\"color: #800080; font-family: tahoma, arial, helvetica, sans-serif;\"><strong>0&#8217;dan 100&#8217;e kadar dan\u0131\u015fmanl\u0131k, Metatrader 5 lisans\u0131 ve konfig\u00fcrasyonu almak i\u00e7in +905342144819 <span dir=\"rtl\">WhatsApp <\/span><\/strong><strong>numaras\u0131yla ileti\u015fime ge\u00e7in.<\/strong><\/span><\/td>\n<\/tr>\n<\/tbody>\n<\/table>\n\t\t\t\t\t\t\t\t<\/div>\n\t\t\t\t<\/div>\n\t\t\t\t\t<\/div>\n\t\t\t\t<\/div>\n\t\t\t\t<\/div>\n\t\t","protected":false},"excerpt":{"rendered":"<p>Metatrader lisans\u0131 5 MetaTrader 5 Lisans\u0131 (MT5), brokerlar i\u00e7in kapsaml\u0131 ve tamamen uzmanla\u015fm\u0131\u015f bir k\u0131lavuzdur 0&#8217;dan 100&#8217;e kadar dan\u0131\u015fmanl\u0131k, Metatrader 5 lisans\u0131n\u0131 almak ve yap\u0131land\u0131rmak i\u00e7in +905342144819 WhatsApp numaras\u0131yla ileti\u015fime ge\u00e7in. MetaTrader 5, MetaQuotes Yaz\u0131l\u0131m\u0131 taraf\u0131ndan sunulmaktad\u0131r; MetaTrader (MT5) ger\u00e7ekten finansal piyasalardaki en pop\u00fcler ve g\u00fc\u00e7l\u00fc i\u015flem platformlar\u0131ndan biridir; MetaTrader 5&#8217;in \u00f6zel hizmetleri ve yetenekleri, [&hellip;]<\/p>\n","protected":false},"author":1,"featured_media":0,"parent":0,"menu_order":0,"comment_status":"closed","ping_status":"closed","template":"","meta":{"footnotes":""},"class_list":["post-2338","page","type-page","status-publish","hentry"],"_links":{"self":[{"href":"https:\/\/brokerlauncher.com\/tr\/wp-json\/wp\/v2\/pages\/2338","targetHints":{"allow":["GET"]}}],"collection":[{"href":"https:\/\/brokerlauncher.com\/tr\/wp-json\/wp\/v2\/pages"}],"about":[{"href":"https:\/\/brokerlauncher.com\/tr\/wp-json\/wp\/v2\/types\/page"}],"author":[{"embeddable":true,"href":"https:\/\/brokerlauncher.com\/tr\/wp-json\/wp\/v2\/users\/1"}],"replies":[{"embeddable":true,"href":"https:\/\/brokerlauncher.com\/tr\/wp-json\/wp\/v2\/comments?post=2338"}],"version-history":[{"count":1,"href":"https:\/\/brokerlauncher.com\/tr\/wp-json\/wp\/v2\/pages\/2338\/revisions"}],"predecessor-version":[{"id":2339,"href":"https:\/\/brokerlauncher.com\/tr\/wp-json\/wp\/v2\/pages\/2338\/revisions\/2339"}],"wp:attachment":[{"href":"https:\/\/brokerlauncher.com\/tr\/wp-json\/wp\/v2\/media?parent=2338"}],"curies":[{"name":"wp","href":"https:\/\/api.w.org\/{rel}","templated":true}]}}