{"id":2326,"date":"2024-10-02T11:43:49","date_gmt":"2024-10-02T08:13:49","guid":{"rendered":"https:\/\/brokerlauncher.com\/likidite-saglayici\/"},"modified":"2024-10-23T17:01:10","modified_gmt":"2024-10-23T13:31:10","slug":"likidite-saglayici","status":"publish","type":"page","link":"https:\/\/brokerlauncher.com\/tr\/likidite-saglayici\/","title":{"rendered":"Likidite Sa\u011flay\u0131c\u0131"},"content":{"rendered":"\t\t<div data-elementor-type=\"wp-page\" data-elementor-id=\"2326\" class=\"elementor elementor-2326 elementor-2242\" data-elementor-post-type=\"page\">\n\t\t\t\t<div data-particle_enable=\"false\" data-particle-mobile-disabled=\"false\" class=\"elementor-element elementor-element-346eb36 e-flex e-con-boxed e-con e-parent\" data-id=\"346eb36\" data-element_type=\"container\" data-e-type=\"container\">\n\t\t\t\t\t<div class=\"e-con-inner\">\n\t\t\t\t<div class=\"elementor-element elementor-element-14b3e034 elementor-widget elementor-widget-text-editor\" data-id=\"14b3e034\" data-element_type=\"widget\" data-e-type=\"widget\" data-widget_type=\"text-editor.default\">\n\t\t\t\t<div class=\"elementor-widget-container\">\n\t\t\t\t\t\t\t\t\t<p><img fetchpriority=\"high\" decoding=\"async\" class=\"aligncenter wp-image-2247 size-full\" src=\"https:\/\/brokerlauncher.com\/wp-content\/uploads\/2024\/10\/%D9%84%DB%8C%DA%A9%D9%88%D8%A6%DB%8C%D8%AF%DB%8C%D8%AA%DB%8C-%D9%BE%D8%B1%D9%88%D8%A7%DB%8C%D8%AF%D8%B1.webp\" alt=\"Likidite Sa\u011flay\u0131c\u0131\" width=\"600\" height=\"400\"><\/p>\n<h1><strong><span style=\"font-size: 18pt;\">Likidite Sa\u011flay\u0131c\u0131<\/span> <\/strong><\/h1>\n<p><span style=\"color: #003300;\"><strong>Likidite Sa\u011flay\u0131c\u0131 <\/strong><strong>(Likidite Sa\u011flay\u0131c\u0131)<\/strong><strong> ve bunun Forex broker\u0131na nas\u0131l ba\u011flanaca\u011f\u0131<\/strong><\/span><\/p>\n<table style=\"border-collapse: collapse; width: 100%;\">\n<tbody>\n<tr>\n<td style=\"width: 100%;\"><span style=\"color: #800080;\"><strong>Likidite Sa\u011flay\u0131c\u0131s\u0131ndan uzman tavsiyesi almak i\u00e7in +905342144819 numaral\u0131 WhatsApp numaras\u0131yla ileti\u015fime ge\u00e7in.<\/strong><\/span><\/td>\n<\/tr>\n<\/tbody>\n<\/table>\n<p>Basit bir ifadeyle Likidite Sa\u011flay\u0131c\u0131, forex piyasas\u0131nda dengeyi, likiditeyi ve komisyoncular\u0131 beklemeden i\u015flem yapma imkan\u0131n\u0131 sa\u011flayan en \u00f6nemli unsurlardan biridir. Likidite kavram\u0131n\u0131n ve bunun bir komisyoncuya nas\u0131l ba\u011flanaca\u011f\u0131n\u0131n derinlemesine anla\u015f\u0131lmas\u0131, kullan\u0131c\u0131 deneyiminin iyile\u015ftirilmesi ve komisyoncunun k\u00e2rl\u0131l\u0131\u011f\u0131n\u0131n artt\u0131r\u0131lmas\u0131 \u00fczerinde \u00f6nemli bir etkiye sahip olabilir. <\/p>\n<p><span style=\"color: #800080;\"><strong><a href=\"https:\/\/brokerlauncher.com\/tr\/\" target=\"_blank\" rel=\"noopener\">BrokerLauncher <\/a><\/strong><\/span>a\u015fa\u011f\u0131da sa\u011flay\u0131c\u0131 likiditesi kavram\u0131n\u0131, t\u00fcrlerini ve forex brokerlerine nas\u0131l ba\u011flan\u0131laca\u011f\u0131n\u0131 inceliyor.<\/p>\n<h2><span style=\"font-size: 14pt; color: #003300;\"><strong>Likidite sa\u011flay\u0131c\u0131<\/strong><\/span><\/h2>\n<p>Likidite sa\u011flay\u0131c\u0131 nedir?<\/p>\n<p>Likidite Sa\u011flay\u0131c\u0131n\u0131n nihai hedefi, forex brokerlerinin m\u00fc\u015fteri emirlerini k\u0131s\u0131tlama veya gecikme olmadan yerine getirmesine yard\u0131mc\u0131 olmakt\u0131r.<\/p>\n<p>Likidite sa\u011flay\u0131c\u0131 \u015firketler b\u00fcy\u00fck miktarlarda finansal varl\u0131klar\u0131 ticarete haz\u0131r hale getirir. Bu varl\u0131klar \u00e7e\u015fitli d\u00f6viz \u00e7iftlerini, emtialar\u0131, hisse senetlerini ve hatta kripto para birimlerini i\u00e7erebilir. <\/p>\n<h2><span style=\"font-size: 14pt; color: #003300;\"><strong>Forex piyasas\u0131nda likidite sa\u011flay\u0131c\u0131n\u0131n kilit rol\u00fc<\/strong><\/span><\/h2>\n<p>Likidite sa\u011flay\u0131c\u0131 olmasayd\u0131, forex piyasas\u0131ndaki b\u00fcy\u00fck i\u015flemler a\u015f\u0131r\u0131 oynakl\u0131\u011fa neden olabilirdi; likidite sa\u011flay\u0131c\u0131n\u0131n kilit rol\u00fc, b\u00fcy\u00fck fiyat dalgalanmalar\u0131na neden olmadan b\u00fcy\u00fck i\u015flemleri kolayla\u015ft\u0131rmas\u0131 olarak tan\u0131mlan\u0131r.<\/p>\n<p>Bir varl\u0131\u011f\u0131n fiyat\u0131nda \u00f6nemli bir de\u011fi\u015fiklik yapmadan sat\u0131n al\u0131nmas\u0131 veya sat\u0131lmas\u0131 ancak bir likidite sa\u011flay\u0131c\u0131n\u0131n yard\u0131m\u0131yla m\u00fcmk\u00fcnd\u00fcr. Bu \u00f6zellik, broker kullan\u0131c\u0131lar\u0131n\u0131n i\u015flemlerini endi\u015felenmeden, daha h\u0131zl\u0131 ve daha do\u011fru bir \u015fekilde yapmalar\u0131na olanak tan\u0131r. <\/p>\n<\/p>\n<p><img decoding=\"async\" class=\"aligncenter wp-image-2258 size-full\" src=\"https:\/\/brokerlauncher.com\/wp-content\/uploads\/2024\/10\/%D8%AA%D8%A7%D9%85%DB%8C%D9%86-%DA%A9%D9%86%D9%86%D8%AF%D9%87-%D9%86%D9%82%D8%AF%DB%8C%D9%86%DA%AF%DB%8C.webp\" alt=\"Likidite sa\u011flay\u0131c\u0131\" width=\"600\" height=\"400\"><\/p>\n<\/p>\n<h2><span style=\"font-size: 14pt; color: #003300;\"><strong>Likidite sa\u011flay\u0131c\u0131 t\u00fcrleri<\/strong><\/span><\/h2>\n<h3><span style=\"font-size: 12pt;\"><strong>1- Bankac\u0131l\u0131k sa\u011flay\u0131c\u0131lar\u0131n\u0131n likiditesi<\/strong><\/span><\/h3>\n<p>Forex piyasas\u0131nda en b\u00fcy\u00fck likidite sa\u011flay\u0131c\u0131lar\u0131 bankalard\u0131r. En \u00fcnl\u00fcleri JP Morgan, Citibank ve Deutsche Bank&#8217;t\u0131r. \u0130\u015flem hacminin y\u00fcksek olmas\u0131 nedeniyle b\u00fcy\u00fck bankalar b\u00fcy\u00fck i\u015flemlere kolayl\u0131kla likidite sa\u011flamaktad\u0131r.  <\/p>\n<h3><span style=\"font-size: 12pt;\"><strong>2- Banka d\u0131\u015f\u0131 sa\u011flay\u0131c\u0131lar\u0131n likiditesi<\/strong><\/span><\/h3>\n<p>Forex d\u00fcnyas\u0131nda likidite sa\u011flanmas\u0131 sadece bankalarla s\u0131n\u0131rl\u0131 de\u011fildir, banka d\u0131\u015f\u0131 finansal kurulu\u015flar da brokerlara likidite sa\u011flayabilmektedir. \u00d6rne\u011fin XTX Markets ve Citadel Securities gibi \u015firketler bu t\u00fcr likidite sa\u011flay\u0131c\u0131lar\u0131n\u0131n ba\u015far\u0131l\u0131 \u00f6rnekleridir. <\/p>\n<h3><span style=\"font-size: 12pt;\"><strong>3- Kripto sa\u011flay\u0131c\u0131lar\u0131n\u0131n likiditesi<\/strong><\/span><\/h3>\n<p>Bankalar ve bankac\u0131l\u0131k d\u0131\u015f\u0131 kurulu\u015flar\u0131n yan\u0131 s\u0131ra baz\u0131 \u015firketler de Bitcoin ve Ethereum gibi dijital para birimleri i\u00e7in likidite hizmetleri sa\u011flama konusunda tamamen uzmanla\u015fm\u0131\u015ft\u0131r. Dijital para piyasas\u0131n\u0131n h\u0131zl\u0131 b\u00fcy\u00fcmesi nedeniyle bu \u015firketlerin varl\u0131\u011f\u0131na ihtiya\u00e7 duyulmaktad\u0131r. <\/p>\n<\/p>\n<h2><span style=\"font-size: 14pt; color: #003300;\"><strong>Forex brokerleri i\u00e7in likidite sa\u011flay\u0131c\u0131lar\u0131n\u0131 kullanman\u0131n avantajlar\u0131<\/strong><\/span><\/h2>\n<p><strong>\u0130\u015flemlerin h\u0131zl\u0131 ger\u00e7ekle\u015ftirilmesi: <\/strong>Brokerlar i\u00e7in likidite sa\u011flay\u0131c\u0131lar\u0131 kullanman\u0131n en \u00f6nemli avantaj\u0131, m\u00fc\u015fterilerin i\u015flemlerini y\u00fcksek h\u0131zda ve gecikmeden ger\u00e7ekle\u015ftirme olana\u011f\u0131d\u0131r.<\/p>\n<p><strong>Yay\u0131l\u0131m\u0131n azalt\u0131lmas\u0131: <\/strong>Yat\u0131r\u0131mc\u0131lar\u0131n komisyoncu se\u00e7imi konusundaki endi\u015felerinden birine son verilmesi. Brokerlar birden fazla likidite sa\u011flay\u0131c\u0131 kullanarak m\u00fc\u015fterilerine en iyi fiyatlar\u0131 ve daha d\u00fc\u015f\u00fck spreadleri sunabilirler. (tamamen rekabet\u00e7i)<\/p>\n<p><strong>Artan i\u015flem hacmi: <\/strong>Komisyoncular, piyasa fiyat\u0131n\u0131 olumsuz etkilemeden b\u00fcy\u00fck miktardaki sipari\u015fleri kar\u015f\u0131layabilir. (Ayr\u0131ca komisyoncu ile m\u00fc\u015fteri aras\u0131nda \u00e7\u0131kar \u00e7at\u0131\u015fmas\u0131 yoktur)<\/p>\n<p><strong>Varl\u0131klar\u0131n \u00e7e\u015fitlendirilmesi:<\/strong> Brokerlar, farkl\u0131 sa\u011flay\u0131c\u0131lar\u0131n likiditesine eri\u015ferek finansal ara\u00e7larda daha fazla \u00e7e\u015fitlilik sa\u011flayabilir ve kelimenin tam anlam\u0131yla k\u0131s\u0131tlamalara son verebilir.<\/p>\n<\/p>\n<p><img decoding=\"async\" class=\"aligncenter wp-image-2269 size-full\" src=\"https:\/\/brokerlauncher.com\/wp-content\/uploads\/2024\/10\/%D9%84%DB%8C%DA%A9%D9%88%D8%A6%DB%8C%D8%AF%DB%8C%D8%AA%DB%8C-%D9%BE%D8%B1%D9%88%D8%A7%DB%8C%D8%AF%D8%B1%D9%87%D8%A7-%D8%A8%D8%B1%D8%A7%DB%8C-%D8%A8%D8%B1%D9%88%DA%A9%D8%B1%D9%87%D8%A7%DB%8C-%D9%81%D8%A7%D8%B1%DA%A9%D8%B3.webp\" alt=\"Forex brokerleri i\u00e7in likidite sa\u011flay\u0131c\u0131lar\u0131\" width=\"600\" height=\"400\"><\/p>\n<\/p>\n<p><span style=\"color: #800080;\">\u00d6zel hizmetler: <strong><a style=\"color: #800080;\" href=\"https:\/\/brokerlauncher.com\/tr\/bir-forex-komisyoncusu-kurma\/\" target=\"_blank\" rel=\"noopener\">Bir komisyoncu kurmak<\/a><\/strong><\/span><\/p>\n<h2><span style=\"font-size: 14pt; color: #003300;\"><strong>Komisyoncuyu likidite sa\u011flay\u0131c\u0131s\u0131na ba\u011flama<\/strong><\/span><\/h2>\n<p>Bir komisyoncuyu bir likidite sa\u011flay\u0131c\u0131s\u0131na ba\u011flamak i\u00e7in izlenmesi gereken birka\u00e7 ana ad\u0131m vard\u0131r:<\/p>\n<h3><span style=\"font-size: 12pt;\"><strong>1- Likidite sa\u011flay\u0131c\u0131s\u0131n\u0131n se\u00e7imi<\/strong><\/span><\/h3>\n<p>Brokerlar ihtiya\u00e7lar\u0131na g\u00f6re uygun ve profesyonel likidite sa\u011flay\u0131c\u0131lar\u0131n\u0131 se\u00e7melidir. Se\u00e7imdeki \u00f6nemli fakt\u00f6rler \u015funlar olabilir: emir ger\u00e7ekle\u015ftirme h\u0131z\u0131,<strong> sunulan spreadler ve komisyon tutar\u0131.<\/strong> <\/p>\n<h3><span style=\"font-size: 12pt;\"><strong>2- K\u00f6pr\u00fc <\/strong><strong>kurmak<\/strong><\/span><\/h3>\n<p>Broker\u0131 likidite sa\u011flay\u0131c\u0131s\u0131na ba\u011flamak i\u00e7in bir k\u00f6pr\u00fc yaz\u0131l\u0131m\u0131 kullan\u0131l\u0131r. Bu k\u00f6pr\u00fc arac\u0131 g\u00f6revi g\u00f6r\u00fcr ve broker\u0131n m\u00fc\u015fterilerinin emirlerini likidite sa\u011flay\u0131c\u0131s\u0131na iletir. Bu alandaki pop\u00fcler yaz\u0131l\u0131mlar <a href=\"https:\/\/www.onezero.com\/\" target=\"_blank\" rel=\"nofollow noopener\"><strong>OneZero <\/strong><\/a>ve <strong>PrimeXM&#8217;dir<\/strong>.  <\/p>\n<h3><span style=\"font-size: 12pt;\"><strong>3- Sunucu konfig\u00fcrasyonu ve ticaret yaz\u0131l\u0131m\u0131<\/strong><\/span><\/h3>\n<p>\u00d6nemli ad\u0131mlardan biri do\u011fru konfig\u00fcrasyondur. Broker sunucusu ve ticaret platformu (MetaTrader 4 veya MetaTrader 5 gibi), likidite sa\u011flay\u0131c\u0131s\u0131ndan fiyatland\u0131rma ve emir bilgilerini alacak \u015fekilde uygun \u015fekilde yap\u0131land\u0131r\u0131lmal\u0131d\u0131r. <\/p>\n<h3><span style=\"font-size: 12pt;\"><strong>4- risk y\u00f6netimi ve i\u015flemler<\/strong><\/span><\/h3>\n<p>Ve son olarak, ba\u011flant\u0131dan sonra komisyoncunun piyasadaki istikrars\u0131z pozisyonlardan ve istenmeyen dalgalanmalardan ka\u00e7\u0131nmak i\u00e7in s\u00fcrekli olarak (otomatik olarak) risk y\u00f6netimi yapmas\u0131 gerekir.<\/p>\n<\/p>\n<h2><span style=\"font-size: 14pt; color: #003300;\"><strong>Sa\u011flay\u0131c\u0131 likiditesine ba\u011flanman\u0131n zorluklar\u0131<\/strong><\/span><\/h2>\n<p><strong>Emirlerin y\u00fcr\u00fct\u00fclmesinde gecikme: <\/strong>Broker\u0131n teknik altyap\u0131s\u0131 do\u011fru yap\u0131land\u0131r\u0131lmam\u0131\u015fsa emirlerin h\u0131zl\u0131 bir \u015fekilde yerine getirilmesinde gecikme ya\u015fanabilir. (broker\u0131n hayatta kalmas\u0131 i\u00e7in kesinlikle hayati \u00f6neme sahiptir)<\/p>\n<p><strong>Y\u00fcksek \u00fccretler: <\/strong>Baz\u0131 likidite sa\u011flay\u0131c\u0131lar\u0131, ba\u011flant\u0131 kurmak ve hizmetlerini kullanmak i\u00e7in y\u00fcksek \u00fccretler talep eder ve bu, k\u00fc\u00e7\u00fck brokerlar i\u00e7in zorlay\u0131c\u0131 olabilir.<\/p>\n<p><strong>Likidite y\u00f6netimi: <\/strong>Komisyoncular\u0131n her zaman m\u00fc\u015fterilerinin emirlerini kar\u015f\u0131layacak yeterli likiditeye sahip olduklar\u0131ndan emin olmalar\u0131 gerekir, bu nedenle likidite sa\u011flay\u0131c\u0131lar\u0131n\u0131 se\u00e7erken \u00e7ok dikkatli olmalar\u0131 gerekir.<\/p>\n<\/p>\n<p><img loading=\"lazy\" decoding=\"async\" class=\"aligncenter wp-image-2282 size-full\" src=\"https:\/\/brokerlauncher.com\/wp-content\/uploads\/2024\/10\/%D9%84%DB%8C%DA%A9%D9%88%D8%A6%DB%8C%D8%AF%DB%8C%D8%AA%DB%8C-%D9%BE%D8%B1%D9%88%D8%A7%DB%8C%D8%AF%D8%B1-1.webp\" alt=\"Likidite Sa\u011flay\u0131c\u0131\" width=\"600\" height=\"400\"><\/p>\n<\/p>\n<p><span style=\"color: #800080;\">\u00d6zel hizmetler: <strong><a style=\"color: #800080;\" href=\"https:\/\/brokerlauncher.com\/tr\/pervane-ticaretini-ayarlama\/\" target=\"_blank\" rel=\"noopener\">Prop ticareti kurulumu<\/a><\/strong><\/span><\/p>\n<p>Ku\u015fkusuz, bir forex komisyoncusunu bir veya daha fazla likidite sa\u011flay\u0131c\u0131s\u0131na ba\u011flamak verimlili\u011fi art\u0131rmaya, spreadleri azaltmaya ve kullan\u0131c\u0131 deneyimini iyile\u015ftirmeye yard\u0131mc\u0131 olabilir. Ancak brokerlar\u0131n sorunsuz ve ideal bir ba\u011flant\u0131 sa\u011flamak i\u00e7in do\u011fru likidite sa\u011flay\u0131c\u0131s\u0131n\u0131 dikkatli bir \u015fekilde se\u00e7mesi ve do\u011fru teknik ara\u00e7lar\u0131 kullanmas\u0131 gerekir. <\/p>\n<p>Ba\u015far\u0131 i\u00e7in kritik \u00f6neme sahip olan noktalar do\u011fru teknik ayarlar, risk y\u00f6netimi ve nakit ak\u0131\u015f\u0131n\u0131n s\u00fcrekli izlenmesidir.<\/p>\n<\/p>\n<table style=\"border-collapse: collapse; width: 100%;\">\n<tbody>\n<tr>\n<td style=\"width: 100%;\"><strong><span style=\"color: #800080;\">Likidite Sa\u011flay\u0131c\u0131s\u0131ndan uzman tavsiyesi almak i\u00e7in +905342144819 numaral\u0131 WhatsApp numaras\u0131yla ileti\u015fime ge\u00e7in.<\/span><\/strong><\/td>\n<\/tr>\n<\/tbody>\n<\/table>\n\t\t\t\t\t\t\t\t<\/div>\n\t\t\t\t<\/div>\n\t\t\t\t\t<\/div>\n\t\t\t\t<\/div>\n\t\t\t\t<\/div>\n\t\t","protected":false},"excerpt":{"rendered":"<p>Likidite Sa\u011flay\u0131c\u0131 Likidite Sa\u011flay\u0131c\u0131 (Likidite Sa\u011flay\u0131c\u0131) ve bunun Forex broker\u0131na nas\u0131l ba\u011flanaca\u011f\u0131 Likidite Sa\u011flay\u0131c\u0131s\u0131ndan uzman tavsiyesi almak i\u00e7in +905342144819 numaral\u0131 WhatsApp numaras\u0131yla ileti\u015fime ge\u00e7in. Basit bir ifadeyle Likidite Sa\u011flay\u0131c\u0131, forex piyasas\u0131nda dengeyi, likiditeyi ve komisyoncular\u0131 beklemeden i\u015flem yapma imkan\u0131n\u0131 sa\u011flayan en \u00f6nemli unsurlardan biridir. Likidite kavram\u0131n\u0131n ve bunun bir komisyoncuya nas\u0131l ba\u011flanaca\u011f\u0131n\u0131n derinlemesine anla\u015f\u0131lmas\u0131, kullan\u0131c\u0131 [&hellip;]<\/p>\n","protected":false},"author":1,"featured_media":0,"parent":0,"menu_order":0,"comment_status":"closed","ping_status":"closed","template":"","meta":{"footnotes":""},"class_list":["post-2326","page","type-page","status-publish","hentry"],"_links":{"self":[{"href":"https:\/\/brokerlauncher.com\/tr\/wp-json\/wp\/v2\/pages\/2326","targetHints":{"allow":["GET"]}}],"collection":[{"href":"https:\/\/brokerlauncher.com\/tr\/wp-json\/wp\/v2\/pages"}],"about":[{"href":"https:\/\/brokerlauncher.com\/tr\/wp-json\/wp\/v2\/types\/page"}],"author":[{"embeddable":true,"href":"https:\/\/brokerlauncher.com\/tr\/wp-json\/wp\/v2\/users\/1"}],"replies":[{"embeddable":true,"href":"https:\/\/brokerlauncher.com\/tr\/wp-json\/wp\/v2\/comments?post=2326"}],"version-history":[{"count":4,"href":"https:\/\/brokerlauncher.com\/tr\/wp-json\/wp\/v2\/pages\/2326\/revisions"}],"predecessor-version":[{"id":2571,"href":"https:\/\/brokerlauncher.com\/tr\/wp-json\/wp\/v2\/pages\/2326\/revisions\/2571"}],"wp:attachment":[{"href":"https:\/\/brokerlauncher.com\/tr\/wp-json\/wp\/v2\/media?parent=2326"}],"curies":[{"name":"wp","href":"https:\/\/api.w.org\/{rel}","templated":true}]}}