{"id":1287,"date":"2024-08-01T13:15:21","date_gmt":"2024-08-01T09:45:21","guid":{"rendered":"https:\/\/brokerlauncher.com\/metatrader-lisansi-5\/"},"modified":"2024-08-05T13:07:33","modified_gmt":"2024-08-05T09:37:33","slug":"metatrader-lisansi-5","status":"publish","type":"page","link":"https:\/\/brokerlauncher.com\/tr\/metatrader-lisansi-5\/","title":{"rendered":"Metatrader lisans\u0131 5"},"content":{"rendered":"\t\t<div data-elementor-type=\"wp-page\" data-elementor-id=\"1287\" class=\"elementor elementor-1287\" data-elementor-post-type=\"page\">\n\t\t\t\t<div data-particle_enable=\"false\" data-particle-mobile-disabled=\"false\" class=\"elementor-element elementor-element-4b75847 e-flex e-con-boxed e-con e-parent\" data-id=\"4b75847\" data-element_type=\"container\" data-e-type=\"container\">\n\t\t\t\t\t<div class=\"e-con-inner\">\n\t\t\t\t<div class=\"elementor-element elementor-element-716271c elementor-widget elementor-widget-heading\" data-id=\"716271c\" data-element_type=\"widget\" data-e-type=\"widget\" data-widget_type=\"heading.default\">\n\t\t\t\t<div class=\"elementor-widget-container\">\n\t\t\t\t\t<h2 class=\"elementor-heading-title elementor-size-default\">Arac\u0131 ba\u015flat\u0131c\u0131 hizmetleri<\/h2>\t\t\t\t<\/div>\n\t\t\t\t<\/div>\n\t\t\t\t<div class=\"elementor-element elementor-element-d1cbfe5 elementor-widget elementor-widget-heading\" data-id=\"d1cbfe5\" data-element_type=\"widget\" data-e-type=\"widget\" data-widget_type=\"heading.default\">\n\t\t\t\t<div class=\"elementor-widget-container\">\n\t\t\t\t\t<h2 class=\"elementor-heading-title elementor-size-default\">MetaTrader 5 lisans\u0131<\/h2>\t\t\t\t<\/div>\n\t\t\t\t<\/div>\n\t\t\t\t<div class=\"elementor-element elementor-element-7efcc13 elementor-widget__width-inherit elementor-widget elementor-widget-text-editor\" data-id=\"7efcc13\" data-element_type=\"widget\" data-e-type=\"widget\" data-widget_type=\"text-editor.default\">\n\t\t\t\t<div class=\"elementor-widget-container\">\n\t\t\t\t\t\t\t\t\t<h3>Firmam\u0131z\u0131n MetaTrader 5 lisans hizmetleri<\/h3>\n<p>Finans ve ticaret hizmetleri sa\u011flamada liderlerden biri olan \u015firketimiz, i\u015fletmelere ve profesyonel yat\u0131r\u0131mc\u0131lara Metatrader 5 (MT5) lisans\u0131n\u0131 sunmaktan gurur duymaktad\u0131r. D\u00fcnyan\u0131n en pop\u00fcler ticaret platformlar\u0131ndan biri olan Metatrader 5, teknik analiz, algoritmik ticaret ve portf\u00f6y y\u00f6netimi i\u00e7in g\u00fc\u00e7l\u00fc bir ara\u00e7t\u0131r. <\/p>\n<h4>Neden MetaTrader 5&#8217;i lisanslamal\u0131s\u0131n\u0131z?<\/h4>\n<p><strong>1. \u00c7oklu finansal piyasalar:<\/strong> MT5, \u00e7e\u015fitli finansal piyasalarda al\u0131m sat\u0131m\u0131 destekler. forex piyasalar\u0131, hisse senetleri, emtialar ve dijital para birimleri dahil. Bu \u00f6zellik, yat\u0131r\u0131mc\u0131lar\u0131n ayn\u0131 anda farkl\u0131 pazarlarda i\u015flem yapmas\u0131na olanak tan\u0131r.  <\/p>\n<p><strong>2. Geli\u015fmi\u015f teknik analiz ara\u00e7lar\u0131:<\/strong> Metatrader 5, yat\u0131r\u0131mc\u0131lar i\u00e7in do\u011fru ve etkili analizler sa\u011flayan 80&#8217;den fazla teknik g\u00f6stergeye ve grafiksel araca sahiptir. Bu ara\u00e7lar\u0131 kullanarak piyasa trendlerini daha iyi anlayabilir ve daha ak\u0131ll\u0131 ticaret kararlar\u0131 verebilirsiniz. <\/p>\n<p><strong>3. Algoritmik ticaret:<\/strong> MT5&#8217;in \u00f6ne \u00e7\u0131kan \u00f6zelliklerinden biri, ticaret robotlar\u0131n\u0131n (Uzman Dan\u0131\u015fmanlar) programlanmas\u0131 ve \u00e7al\u0131\u015ft\u0131r\u0131lmas\u0131 olana\u011f\u0131d\u0131r. Bu \u00f6zellik, ticaret stratejilerinizi otomatikle\u015ftirmenize ve piyasa f\u0131rsatlar\u0131ndan en iyi \u015fekilde yararlanman\u0131za olanak tan\u0131r. <\/p>\n<p><strong>4. Strateji Test Cihaz\u0131:<\/strong> Metatrader 5, ticaret stratejilerinizi ge\u00e7mi\u015f veriler \u00fczerinde test etmenize olanak tan\u0131yan g\u00fc\u00e7l\u00fc bir strateji test cihaz\u0131na sahiptir. Bu \u00f6zellik, stratejilerinizin g\u00fc\u00e7l\u00fc ve zay\u0131f y\u00f6nlerini ger\u00e7ek ticarete uygulamadan \u00f6nce belirlemenize yard\u0131mc\u0131 olur. <\/p>\n<p><strong>5. \u00c7oklu dil ve \u00e7oklu platform:<\/strong> MT5 farkl\u0131 masa\u00fcst\u00fc, web ve mobil s\u00fcr\u00fcmlerde mevcuttur ve farkl\u0131 dilleri destekler. Bu esneklik, ticaret hesab\u0131n\u0131za istedi\u011finiz zaman ve istedi\u011finiz yerden kolayca eri\u015fmenizi sa\u011flar. <\/p>\n<h4>Firmam\u0131zdan MT5 lisans\u0131n\u0131 kullanman\u0131n avantajlar\u0131:<\/h4>\n<p><strong>Profesyonel Teknik Destek:<\/strong> Teknik destek ekibimiz, kar\u015f\u0131la\u015fabilece\u011finiz her t\u00fcrl\u00fc sorunu veya soruyu h\u0131zl\u0131 bir \u015fekilde \u00e7\u00f6zmek i\u00e7in 7\/24 hizmetinizdedir. MT5 kullanma deneyiminizin sorunsuz ve sorunsuz olmas\u0131n\u0131 sa\u011fl\u0131yoruz. <\/p>\n<p><strong>Kapsaml\u0131 E\u011fitimler:<\/strong> MT5&#8217;in yeteneklerini tam olarak tan\u0131man\u0131za ve onun t\u00fcm potansiyelinden yararlanman\u0131za yard\u0131mc\u0131 olacak kapsaml\u0131 e\u011fitim kurslar\u0131 sunuyoruz.<\/p>\n<p><strong>D\u00fczenli g\u00fcncellemeler:<\/strong> Firmam\u0131zdan MT5 lisans\u0131n\u0131 alarak d\u00fczenli yaz\u0131l\u0131m g\u00fcncellemelerinden yararlanacaks\u0131n\u0131z. Bu g\u00fcncellemeler g\u00fcvenlik iyile\u015ftirmelerini, yeni \u00f6zellikleri ve olas\u0131 hata d\u00fczeltmelerini i\u00e7erir. <\/p>\n<h4>MT5 lisans\u0131 nas\u0131l al\u0131n\u0131r?<\/h4>\n<p>Firmam\u0131zdan MT5 lisans\u0131n\u0131 almak \u00e7ok basittir. Talebinizi sat\u0131\u015f ekibimizle ileti\u015fime ge\u00e7erek veya web sitesindeki online form arac\u0131l\u0131\u011f\u0131yla kaydedebilirsiniz. Ekibimiz en k\u0131sa s\u00fcrede sizinle ileti\u015fime ge\u00e7erek kurulum i\u015flemini sizin i\u00e7in ger\u00e7ekle\u015ftirecektir.  <\/p>\n\t\t\t\t\t\t\t\t<\/div>\n\t\t\t\t<\/div>\n\t\t<div data-particle_enable=\"false\" data-particle-mobile-disabled=\"false\" class=\"elementor-element elementor-element-c3e37a6 e-flex e-con-boxed e-con e-child\" data-id=\"c3e37a6\" data-element_type=\"container\" data-e-type=\"container\">\n\t\t\t\t\t<div class=\"e-con-inner\">\n\t\t<div data-particle_enable=\"false\" data-particle-mobile-disabled=\"false\" class=\"elementor-element elementor-element-cb82e46 e-flex e-con-boxed e-con e-child\" data-id=\"cb82e46\" data-element_type=\"container\" data-e-type=\"container\">\n\t\t\t\t\t<div class=\"e-con-inner\">\n\t\t<div data-particle_enable=\"false\" data-particle-mobile-disabled=\"false\" class=\"elementor-element elementor-element-b4ec797 e-con-full e-flex e-con e-child\" data-id=\"b4ec797\" data-element_type=\"container\" data-e-type=\"container\">\n\t\t\t\t<div class=\"elementor-element elementor-element-d58d315 elementor-widget elementor-widget-heading\" data-id=\"d58d315\" data-element_type=\"widget\" data-e-type=\"widget\" data-widget_type=\"heading.default\">\n\t\t\t\t<div class=\"elementor-widget-container\">\n\t\t\t\t\t<h2 class=\"elementor-heading-title elementor-size-default\">bize Ula\u015f\u0131n<\/h2>\t\t\t\t<\/div>\n\t\t\t\t<\/div>\n\t\t\t\t<div class=\"elementor-element elementor-element-503bc46 elementor-button-align-start elementor-widget elementor-widget-form\" data-id=\"503bc46\" data-element_type=\"widget\" data-e-type=\"widget\" data-settings=\"{&quot;step_next_label&quot;:&quot;Sonraki&quot;,&quot;step_previous_label&quot;:&quot;\\u00d6ncesi&quot;,&quot;button_width&quot;:&quot;100&quot;,&quot;step_type&quot;:&quot;number_text&quot;,&quot;step_icon_shape&quot;:&quot;circle&quot;}\" data-widget_type=\"form.default\">\n\t\t\t\t<div class=\"elementor-widget-container\">\n\t\t\t\t\t\t\t<form class=\"elementor-form\" method=\"post\" name=\"Yeni form\">\n\t\t\t<input type=\"hidden\" name=\"post_id\" value=\"1287\"\/>\n\t\t\t<input type=\"hidden\" name=\"form_id\" value=\"503bc46\"\/>\n\t\t\t<input type=\"hidden\" name=\"referer_title\" value=\"\" \/>\n\n\t\t\t\n\t\t\t<div class=\"elementor-form-fields-wrapper elementor-labels-\">\n\t\t\t\t\t\t\t\t<div class=\"elementor-field-type-text elementor-field-group elementor-column elementor-field-group-name elementor-col-100\">\n\t\t\t\t\t\t\t\t\t\t\t\t<label for=\"form-field-name\" class=\"elementor-field-label elementor-screen-only\">\n\t\t\t\t\t\t\t\t\u0130sim\t\t\t\t\t\t\t<\/label>\n\t\t\t\t\t\t\t\t\t\t\t\t\t\t<input size=\"1\" type=\"text\" name=\"form_fields[name]\" id=\"form-field-name\" class=\"elementor-field elementor-size-sm  elementor-field-textual\" placeholder=\"isim\">\n\t\t\t\t\t\t\t\t\t\t\t<\/div>\n\t\t\t\t\t\t\t\t<div class=\"elementor-field-type-email elementor-field-group elementor-column elementor-field-group-email elementor-col-100 elementor-field-required\">\n\t\t\t\t\t\t\t\t\t\t\t\t<label for=\"form-field-email\" class=\"elementor-field-label elementor-screen-only\">\n\t\t\t\t\t\t\t\te-posta\t\t\t\t\t\t\t<\/label>\n\t\t\t\t\t\t\t\t\t\t\t\t\t\t<input size=\"1\" type=\"email\" name=\"form_fields[email]\" id=\"form-field-email\" class=\"elementor-field elementor-size-sm  elementor-field-textual\" placeholder=\"e-posta\" required=\"required\" aria-required=\"true\">\n\t\t\t\t\t\t\t\t\t\t\t<\/div>\n\t\t\t\t\t\t\t\t<div class=\"elementor-field-type-textarea elementor-field-group elementor-column elementor-field-group-message elementor-col-100\">\n\t\t\t\t\t\t\t\t\t\t\t\t<label for=\"form-field-message\" class=\"elementor-field-label elementor-screen-only\">\n\t\t\t\t\t\t\t\t\u0130leti\t\t\t\t\t\t\t<\/label>\n\t\t\t\t\t\t<textarea class=\"elementor-field-textual elementor-field  elementor-size-sm\" name=\"form_fields[message]\" id=\"form-field-message\" rows=\"4\" placeholder=\"Mesaj\u0131n\u0131z\u0131 girin\"><\/textarea>\t\t\t\t<\/div>\n\t\t\t\t\t\t\t\t<div class=\"elementor-field-group elementor-column elementor-field-type-submit elementor-col-100 e-form__buttons\">\n\t\t\t\t\t<button type=\"submit\" class=\"elementor-button elementor-size-sm\">\n\t\t\t\t\t\t<span >\n\t\t\t\t\t\t\t\t\t\t\t\t\t\t\t<span class=\" elementor-button-icon\">\n\t\t\t\t\t\t\t\t\t\t\t\t\t\t\t\t\t\t\t\t\t\t\t\t\t\t<\/span>\n\t\t\t\t\t\t\t\t\t\t\t\t\t\t\t\t\t\t\t\t\t\t<span class=\"elementor-button-text\">g\u00f6ndermek<\/span>\n\t\t\t\t\t\t\t\t\t\t\t\t\t<\/span>\n\t\t\t\t\t<\/button>\n\t\t\t\t<\/div>\n\t\t\t<\/div>\n\t\t<\/form>\n\t\t\t\t\t\t<\/div>\n\t\t\t\t<\/div>\n\t\t\t\t<\/div>\n\t\t\t\t<div class=\"elementor-element elementor-element-b3b15e6 elementor-widget elementor-widget-image\" data-id=\"b3b15e6\" data-element_type=\"widget\" data-e-type=\"widget\" data-widget_type=\"image.default\">\n\t\t\t\t<div class=\"elementor-widget-container\">\n\t\t\t\t\t\t\t\t\t\t\t\t\t\t\t<img fetchpriority=\"high\" decoding=\"async\" width=\"380\" height=\"256\" src=\"https:\/\/brokerlauncher.com\/wp-content\/uploads\/2024\/08\/call-center-worker-desk_23-2150432594-1.png\" class=\"attachment-large size-large wp-image-1247\" alt=\"\" srcset=\"https:\/\/brokerlauncher.com\/wp-content\/uploads\/2024\/08\/call-center-worker-desk_23-2150432594-1.png 380w, https:\/\/brokerlauncher.com\/wp-content\/uploads\/2024\/08\/call-center-worker-desk_23-2150432594-1-300x202.png 300w\" sizes=\"(max-width: 380px) 100vw, 380px\" \/>\t\t\t\t\t\t\t\t\t\t\t\t\t\t\t<\/div>\n\t\t\t\t<\/div>\n\t\t\t\t\t<\/div>\n\t\t\t\t<\/div>\n\t\t\t\t\t<\/div>\n\t\t\t\t<\/div>\n\t\t\t\t\t<\/div>\n\t\t\t\t<\/div>\n\t\t\t\t<\/div>\n\t\t","protected":false},"excerpt":{"rendered":"<p>Arac\u0131 ba\u015flat\u0131c\u0131 hizmetleri MetaTrader 5 lisans\u0131 Firmam\u0131z\u0131n MetaTrader 5 lisans hizmetleri Finans ve ticaret hizmetleri sa\u011flamada liderlerden biri olan \u015firketimiz, i\u015fletmelere ve profesyonel yat\u0131r\u0131mc\u0131lara Metatrader 5 (MT5) lisans\u0131n\u0131 sunmaktan gurur duymaktad\u0131r. D\u00fcnyan\u0131n en pop\u00fcler ticaret platformlar\u0131ndan biri olan Metatrader 5, teknik analiz, algoritmik ticaret ve portf\u00f6y y\u00f6netimi i\u00e7in g\u00fc\u00e7l\u00fc bir ara\u00e7t\u0131r. Neden MetaTrader 5&#8217;i lisanslamal\u0131s\u0131n\u0131z? [&hellip;]<\/p>\n","protected":false},"author":1,"featured_media":0,"parent":0,"menu_order":0,"comment_status":"closed","ping_status":"closed","template":"elementor_header_footer","meta":{"footnotes":""},"class_list":["post-1287","page","type-page","status-publish","hentry"],"_links":{"self":[{"href":"https:\/\/brokerlauncher.com\/tr\/wp-json\/wp\/v2\/pages\/1287","targetHints":{"allow":["GET"]}}],"collection":[{"href":"https:\/\/brokerlauncher.com\/tr\/wp-json\/wp\/v2\/pages"}],"about":[{"href":"https:\/\/brokerlauncher.com\/tr\/wp-json\/wp\/v2\/types\/page"}],"author":[{"embeddable":true,"href":"https:\/\/brokerlauncher.com\/tr\/wp-json\/wp\/v2\/users\/1"}],"replies":[{"embeddable":true,"href":"https:\/\/brokerlauncher.com\/tr\/wp-json\/wp\/v2\/comments?post=1287"}],"version-history":[{"count":2,"href":"https:\/\/brokerlauncher.com\/tr\/wp-json\/wp\/v2\/pages\/1287\/revisions"}],"predecessor-version":[{"id":1324,"href":"https:\/\/brokerlauncher.com\/tr\/wp-json\/wp\/v2\/pages\/1287\/revisions\/1324"}],"wp:attachment":[{"href":"https:\/\/brokerlauncher.com\/tr\/wp-json\/wp\/v2\/media?parent=1287"}],"curies":[{"name":"wp","href":"https:\/\/api.w.org\/{rel}","templated":true}]}}